{"id":11,"date":"2021-04-28T14:39:13","date_gmt":"2021-04-28T14:39:13","guid":{"rendered":"https:\/\/terapiehiperbarabrusturi.ro\/?page_id=11"},"modified":"2021-06-04T06:54:12","modified_gmt":"2021-06-04T06:54:12","slug":"despre-noi","status":"publish","type":"page","link":"https:\/\/terapiehiperbarabrusturi.ro\/?page_id=11","title":{"rendered":"Despre Noi"},"content":{"rendered":"\t\t<div data-elementor-type=\"wp-page\" data-elementor-id=\"11\" class=\"elementor elementor-11\">\n\t\t\t\t\t\t\t\t\t<section class=\"elementor-section elementor-top-section elementor-element elementor-element-ca75018 elementor-section-boxed elementor-section-height-default elementor-section-height-default\" data-id=\"ca75018\" data-element_type=\"section\">\n\t\t\t\t\t\t<div class=\"elementor-container elementor-column-gap-default\">\n\t\t\t\t\t<div class=\"elementor-column elementor-col-100 elementor-top-column elementor-element elementor-element-8e469cd\" data-id=\"8e469cd\" data-element_type=\"column\">\n\t\t\t<div class=\"elementor-widget-wrap elementor-element-populated\">\n\t\t\t\t\t\t\t\t<div class=\"elementor-element elementor-element-117b84a elementor-view-default elementor-widget elementor-widget-icon\" data-id=\"117b84a\" data-element_type=\"widget\" data-widget_type=\"icon.default\">\n\t\t\t\t<div class=\"elementor-widget-container\">\n\t\t\t\t\t<div class=\"elementor-icon-wrapper\">\n\t\t\t<div class=\"elementor-icon\">\n\t\t\t<i aria-hidden=\"true\" class=\"fas fa-people-arrows\"><\/i>\t\t\t<\/div>\n\t\t<\/div>\n\t\t\t\t<\/div>\n\t\t\t\t<\/div>\n\t\t\t\t\t<\/div>\n\t\t<\/div>\n\t\t\t\t\t\t\t<\/div>\n\t\t<\/section>\n\t\t\t\t<section class=\"elementor-section elementor-top-section elementor-element elementor-element-8188eee elementor-section-boxed elementor-section-height-default elementor-section-height-default\" data-id=\"8188eee\" data-element_type=\"section\">\n\t\t\t\t\t\t<div class=\"elementor-container elementor-column-gap-default\">\n\t\t\t\t\t<div class=\"elementor-column elementor-col-100 elementor-top-column elementor-element elementor-element-23c7183\" data-id=\"23c7183\" data-element_type=\"column\">\n\t\t\t<div class=\"elementor-widget-wrap elementor-element-populated\">\n\t\t\t\t\t\t\t\t<div class=\"elementor-element elementor-element-29a9651 elementor-widget elementor-widget-text-editor\" data-id=\"29a9651\" data-element_type=\"widget\" data-widget_type=\"text-editor.default\">\n\t\t\t\t<div class=\"elementor-widget-container\">\n\t\t\t\t\t\t\t<h5>Terapia cu Oxigenhiberbar ajuta la recuperarea post Covid-19, stimuleaza procesul natural de vindecare si imunitatea,sporeste vitalitatea, creste concentrarea si memoria, reduce oboseala, combate infectiile.\u00a0<\/h5><h4>Ce face OXIGENAREA Hiperbaric\u0103?<\/h4><p>Oxigenul ce concentra\u021bie ridicat\u0103, inhalat \u00een timpul presuriz\u0103rii, av\u00e2nd moleculele mult mai mici dec\u00e2t moleculele de hemoglobin\u0103, se dizolv\u0103 \u00een toate fluidele corporale (limfatic, cerebrospinal, plasm\u0103) \u0219i pot s\u0103 p\u0103trund\u0103 u\u0219or \u00een capilare \u0219i zonele slab vascularizate, nemaindepinz\u00e2nd de hemoglobin\u0103.<\/p><p>\u00cen condi\u021bii normabarice (la 1 ATA, c\u00e2t este considerat\u0103 presiunea atmosferic\u0103 la nivelul m\u0103rii), cantitatea de oxigen dizolvat\u0103 \u00een s\u00e2nge este de numai 0,3 ml\/ dl. La 1,5 ATA, aceast\u0103 cantiate cre\u0219te cu 10 ori p\u00e2n\u0103 la 3,2 ml \/ dl. S-a constatat o cre\u0219tere cu 250% a nuvelului de oxigen al \u021besutului cerebral local furnizat la 1,5 ATA (247 mmHg), \u00een compara\u021bie cu oxigen administrat la 1 ATA (103 mmHg), \u00een condi\u021bii atmosferice normale.<\/p><p>Inventat\u0103 \u00een urma cu c\u00e2teva secole \u0219i folosit\u0103 ulterior \u00een anii 1800 pentru tratamentul diferitelor afec\u021biuni pulmonare, oxigenoterpaia hiperbar\u0103 a fost utilizat\u0103 \u0219i \u00een tratarea pacien\u021bilor cu pneumonie. \u00cen timp, tehnica s-a perfec\u021bionat \u0219i a ajuns s\u0103 fie folosit\u0103 \u00een prezent pentru o gam\u0103 larg\u0103 de afec\u021biuni, Food and Drug Administration din SUA aprob\u00e2nd o list\u0103 de indica\u021bii clare pentru aceast\u0103 terapie. \u0218i \u00een Europa se efectueaz\u0103 terpaia cu oxigen hiperbaric, lista de indica\u021bii fiind aprobat\u0103 de Comisia European\u0103 de Medicin\u0103 Hiperbar\u0103. Cu ajutorul terapiei hiperbare se poate aduce de 10-20-30 de ori mai mult oxigen \u00een \u021besuturi \u00een functie de presiunea din barocamera.<\/p>\t\t\t\t\t\t<\/div>\n\t\t\t\t<\/div>\n\t\t\t\t\t<\/div>\n\t\t<\/div>\n\t\t\t\t\t\t\t<\/div>\n\t\t<\/section>\n\t\t\t\t\t\t\t<\/div>\n\t\t","protected":false},"excerpt":{"rendered":"<p>Terapia cu Oxigenhiberbar ajuta la recuperarea post Covid-19, stimuleaza procesul natural de vindecare si imunitatea,sporeste vitalitatea, creste concentrarea si memoria, reduce oboseala, combate infectiile.\u00a0 Ce face OXIGENAREA Hiperbaric\u0103? Oxigenul ce concentra\u021bie ridicat\u0103, inhalat \u00een timpul presuriz\u0103rii, av\u00e2nd moleculele mult mai mici dec\u00e2t moleculele de hemoglobin\u0103, se dizolv\u0103 \u00een toate fluidele corporale (limfatic, cerebrospinal, plasm\u0103) \u0219i [&hellip;]<\/p>\n","protected":false},"author":1,"featured_media":0,"parent":0,"menu_order":0,"comment_status":"closed","ping_status":"closed","template":"","meta":{"_monsterinsights_skip_tracking":false,"_monsterinsights_sitenote_active":false,"_monsterinsights_sitenote_note":"","_monsterinsights_sitenote_category":0,"ngg_post_thumbnail":0},"aioseo_notices":[],"_links":{"self":[{"href":"https:\/\/terapiehiperbarabrusturi.ro\/index.php?rest_route=\/wp\/v2\/pages\/11"}],"collection":[{"href":"https:\/\/terapiehiperbarabrusturi.ro\/index.php?rest_route=\/wp\/v2\/pages"}],"about":[{"href":"https:\/\/terapiehiperbarabrusturi.ro\/index.php?rest_route=\/wp\/v2\/types\/page"}],"author":[{"embeddable":true,"href":"https:\/\/terapiehiperbarabrusturi.ro\/index.php?rest_route=\/wp\/v2\/users\/1"}],"replies":[{"embeddable":true,"href":"https:\/\/terapiehiperbarabrusturi.ro\/index.php?rest_route=%2Fwp%2Fv2%2Fcomments&post=11"}],"version-history":[{"count":20,"href":"https:\/\/terapiehiperbarabrusturi.ro\/index.php?rest_route=\/wp\/v2\/pages\/11\/revisions"}],"predecessor-version":[{"id":289,"href":"https:\/\/terapiehiperbarabrusturi.ro\/index.php?rest_route=\/wp\/v2\/pages\/11\/revisions\/289"}],"wp:attachment":[{"href":"https:\/\/terapiehiperbarabrusturi.ro\/index.php?rest_route=%2Fwp%2Fv2%2Fmedia&parent=11"}],"curies":[{"name":"wp","href":"https:\/\/api.w.org\/{rel}","templated":true}]}}