{"id":229,"date":"2021-05-26T10:15:26","date_gmt":"2021-05-26T10:15:26","guid":{"rendered":"https:\/\/terapiehiperbarabrusturi.ro\/?page_id=229"},"modified":"2021-05-27T06:55:24","modified_gmt":"2021-05-27T06:55:24","slug":"efecte-ale-oxigenoterapiei-hiperbare","status":"publish","type":"page","link":"https:\/\/terapiehiperbarabrusturi.ro\/?page_id=229","title":{"rendered":"Efecte ale oxigenoterapiei hiperbare"},"content":{"rendered":"\t\t<div data-elementor-type=\"wp-page\" data-elementor-id=\"229\" class=\"elementor elementor-229\">\n\t\t\t\t\t\t\t\t\t<section class=\"elementor-section elementor-top-section elementor-element elementor-element-03f5030 elementor-section-boxed elementor-section-height-default elementor-section-height-default\" data-id=\"03f5030\" data-element_type=\"section\">\n\t\t\t\t\t\t<div class=\"elementor-container elementor-column-gap-default\">\n\t\t\t\t\t<div class=\"elementor-column elementor-col-100 elementor-top-column elementor-element elementor-element-1ab8b82\" data-id=\"1ab8b82\" data-element_type=\"column\">\n\t\t\t<div class=\"elementor-widget-wrap elementor-element-populated\">\n\t\t\t\t\t\t\t\t<div class=\"elementor-element elementor-element-5c69650 elementor-view-default elementor-widget elementor-widget-icon\" data-id=\"5c69650\" data-element_type=\"widget\" data-widget_type=\"icon.default\">\n\t\t\t\t<div class=\"elementor-widget-container\">\n\t\t\t\t\t<div class=\"elementor-icon-wrapper\">\n\t\t\t<div class=\"elementor-icon\">\n\t\t\t<i aria-hidden=\"true\" class=\"fas fa-magic\"><\/i>\t\t\t<\/div>\n\t\t<\/div>\n\t\t\t\t<\/div>\n\t\t\t\t<\/div>\n\t\t\t\t<div class=\"elementor-element elementor-element-e853dde elementor-widget elementor-widget-text-editor\" data-id=\"e853dde\" data-element_type=\"widget\" data-widget_type=\"text-editor.default\">\n\t\t\t\t<div class=\"elementor-widget-container\">\n\t\t\t\t\t\t\t<p><strong>\u2022 faciliteaz\u0103 difuzia oxigenului care trebuie suturile lezate sau care nu sunt suficient<\/strong><br \/><strong>vascularizate, stimul\u00e2nd vindecarea lor;<\/strong><br \/><strong>\u2022 stimuleaz\u0103 produc\u021bia natural\u0103 de celule stem cu circa 800%, care ajut\u0103 la refacerea \u021besuturilor<\/strong><br \/><strong>organelor afectate \u0219i accelereaz\u0103 procesul de vindecare;<\/strong><br \/><strong>\u2022 \u00eembun\u0103t\u0103\u021be\u0219te sistemul imunitar prin activarea limfocitelor pentru a lupta \u00eempotriva infec\u021biilor<\/strong><br \/><strong>produse de viru\u0219i \u0219i bacterii aerobe \u0219i anaerobe;<\/strong><br \/><strong>\u2022 stimuleaz\u0103 osteogeneza reduc\u00e2nd foarte mult timpul de vindecare a fracturilor \u0219i<\/strong><br \/><strong>traumatismelor aparatului osteoarticular;<\/strong><br \/><strong>\u2022 ajut\u0103 la reducerea rapid\u0103 a inflama\u021biei \u0219i edemului prin vasoconstric\u021bia datorit\u0103 hipoxiei.<\/strong><br \/><strong>Oxigenoterapia hiperbar\u0103 se consider\u0103 la ora actual\u0103, c\u0103 are cel mai puternic \u0219i rapid defect<\/strong><br \/><strong>anti-edematos;<\/strong><br \/><strong>\u2022 stimuleaz\u0103 neovascularizarea &#8211; formarea de noi vase de s\u00e2nge &#8211; procese numite angiogenez\u0103<\/strong><br \/><strong>\u0219i vasculogenez\u0103;<\/strong><br \/><strong>\u2022 cre\u0219te sinteza fibrelor de colagen \u0219i a produc\u021biei naturale de elastina av\u00e2nd un vizibil efect anti\u00eemb\u0103tr\u00e2nire<\/strong><br \/><strong>\u0219i de reducere a ridurilor<\/strong><br \/><strong>\u2022 stimuleaz\u0103 oxigenarea celular\u0103 \u0219i reduce stresul oxidativ<\/strong><br \/><strong>\u2022 efect bactericid &#8211; studiile \u0219i cazurile tratate recomand\u0103 oxigenoterapia hiperbar\u0103 ca fiind unica<\/strong><br \/><strong>terapie eficient\u0103 \u00een cazul bacteriilor poliirezistente.<\/strong><\/p>\t\t\t\t\t\t<\/div>\n\t\t\t\t<\/div>\n\t\t\t\t\t<\/div>\n\t\t<\/div>\n\t\t\t\t\t\t\t<\/div>\n\t\t<\/section>\n\t\t\t\t<section class=\"elementor-section elementor-top-section elementor-element elementor-element-c833140 elementor-section-boxed elementor-section-height-default elementor-section-height-default\" data-id=\"c833140\" data-element_type=\"section\">\n\t\t\t\t\t\t<div class=\"elementor-container elementor-column-gap-default\">\n\t\t\t\t\t<div class=\"elementor-column elementor-col-100 elementor-top-column elementor-element elementor-element-166e2f5\" data-id=\"166e2f5\" data-element_type=\"column\">\n\t\t\t<div class=\"elementor-widget-wrap\">\n\t\t\t\t\t\t\t\t\t<\/div>\n\t\t<\/div>\n\t\t\t\t\t\t\t<\/div>\n\t\t<\/section>\n\t\t\t\t\t\t\t<\/div>\n\t\t","protected":false},"excerpt":{"rendered":"<p>\u2022 faciliteaz\u0103 difuzia oxigenului care trebuie suturile lezate sau care nu sunt suficientvascularizate, stimul\u00e2nd vindecarea lor;\u2022 stimuleaz\u0103 produc\u021bia natural\u0103 de celule stem cu circa 800%, care ajut\u0103 la refacerea \u021besuturilororganelor afectate \u0219i accelereaz\u0103 procesul de vindecare;\u2022 \u00eembun\u0103t\u0103\u021be\u0219te sistemul imunitar prin activarea limfocitelor pentru a lupta \u00eempotriva infec\u021biilorproduse de viru\u0219i \u0219i bacterii aerobe \u0219i anaerobe;\u2022 stimuleaz\u0103 [&hellip;]<\/p>\n","protected":false},"author":1,"featured_media":0,"parent":0,"menu_order":0,"comment_status":"closed","ping_status":"closed","template":"","meta":{"_monsterinsights_skip_tracking":false,"_monsterinsights_sitenote_active":false,"_monsterinsights_sitenote_note":"","_monsterinsights_sitenote_category":0,"ngg_post_thumbnail":0},"aioseo_notices":[],"_links":{"self":[{"href":"https:\/\/terapiehiperbarabrusturi.ro\/index.php?rest_route=\/wp\/v2\/pages\/229"}],"collection":[{"href":"https:\/\/terapiehiperbarabrusturi.ro\/index.php?rest_route=\/wp\/v2\/pages"}],"about":[{"href":"https:\/\/terapiehiperbarabrusturi.ro\/index.php?rest_route=\/wp\/v2\/types\/page"}],"author":[{"embeddable":true,"href":"https:\/\/terapiehiperbarabrusturi.ro\/index.php?rest_route=\/wp\/v2\/users\/1"}],"replies":[{"embeddable":true,"href":"https:\/\/terapiehiperbarabrusturi.ro\/index.php?rest_route=%2Fwp%2Fv2%2Fcomments&post=229"}],"version-history":[{"count":14,"href":"https:\/\/terapiehiperbarabrusturi.ro\/index.php?rest_route=\/wp\/v2\/pages\/229\/revisions"}],"predecessor-version":[{"id":264,"href":"https:\/\/terapiehiperbarabrusturi.ro\/index.php?rest_route=\/wp\/v2\/pages\/229\/revisions\/264"}],"wp:attachment":[{"href":"https:\/\/terapiehiperbarabrusturi.ro\/index.php?rest_route=%2Fwp%2Fv2%2Fmedia&parent=229"}],"curies":[{"name":"wp","href":"https:\/\/api.w.org\/{rel}","templated":true}]}}